{"id":9,"date":"2025-02-10T05:39:48","date_gmt":"2025-02-10T05:39:48","guid":{"rendered":"https:\/\/thelearninghub.edu.vn\/?page_id=9"},"modified":"2025-02-10T06:23:27","modified_gmt":"2025-02-10T06:23:27","slug":"about-us","status":"publish","type":"page","link":"https:\/\/thelearninghub.edu.vn\/","title":{"rendered":"V\u1ec1 ch\u00fang t\u00f4i"},"content":{"rendered":"\n<h2 class=\"wp-block-heading\"><strong>GI\u1edaI THI\u1ec6U CHUNG V\u1ec0 TRUNG T\u00c2M ANH NG\u1eee TR\u1ea6N GIA<\/strong><\/h2>\n\n\n\n<p><strong>Trung T\u00e2m Anh Ng\u1eef Tr\u1ea7n Gia \u2013 The Learning Hub<\/strong> \u0111\u01b0\u1ee3c th\u00e0nh l\u1eadp v\u1edbi s\u1ee9 m\u1ec7nh mang \u0111\u1ebfn m\u1ed9t m\u00f4i tr\u01b0\u1eddng h\u1ecdc ti\u1ebfng Anh hi\u1ec7n \u0111\u1ea1i v\u00e0 hi\u1ec7u qu\u1ea3, n\u01a1i h\u1ecdc vi\u00ean \u1edf m\u1ecdi \u0111\u1ed9 tu\u1ed5i c\u00f3 th\u1ec3 ph\u00e1t tri\u1ec3n to\u00e0n di\u1ec7n k\u1ef9 n\u0103ng ng\u00f4n ng\u1eef, s\u1ef1 t\u1ef1 tin v\u00e0 t\u01b0 duy s\u00e1ng t\u1ea1o. Ch\u00fang t\u00f4i tin r\u1eb1ng ng\u00f4n ng\u1eef kh\u00f4ng ch\u1ec9 l\u00e0 c\u00f4ng c\u1ee5 giao ti\u1ebfp m\u00e0 c\u00f2n l\u00e0 c\u00e1nh c\u1eeda gi\u00fap h\u1ecdc vi\u00ean kh\u00e1m ph\u00e1 th\u1ebf gi\u1edbi v\u00e0 kh\u1eb3ng \u0111\u1ecbnh b\u1ea3n th\u00e2n trong m\u1ed9t x\u00e3 h\u1ed9i kh\u00f4ng ng\u1eebng h\u1ed9i nh\u1eadp.<\/p>\n\n\n\n<p>V\u1edbi ph\u01b0\u01a1ng ch\u00e2m <strong>&#8220;Your Path. Your Door. Yourself.&#8221;<\/strong>, Tr\u1ea7n Gia \u0111\u1eb7t h\u1ecdc vi\u00ean l\u00e0m trung t\u00e2m trong m\u1ecdi ho\u1ea1t \u0111\u1ed9ng gi\u00e1o d\u1ee5c. Ch\u00fang t\u00f4i kh\u00f4ng ch\u1ec9 cung c\u1ea5p c\u00e1c ch\u01b0\u01a1ng tr\u00ecnh h\u1ecdc ch\u1ea5t l\u01b0\u1ee3ng cao m\u00e0 c\u00f2n \u0111\u1ed3ng h\u00e0nh c\u00f9ng h\u1ecdc vi\u00ean tr\u00ean h\u00e0nh tr\u00ecnh ph\u00e1t tri\u1ec3n b\u1ea3n th\u00e2n v\u00e0 \u0111\u1ea1t \u0111\u01b0\u1ee3c m\u1ee5c ti\u00eau c\u00e1 nh\u00e2n, h\u1ecdc t\u1eadp v\u00e0 ngh\u1ec1 nghi\u1ec7p.<\/p>\n\n\n\n<h3 class=\"wp-block-heading\"><strong>\u0110i\u1ec3m n\u1ed5i b\u1eadt c\u1ee7a Tr\u1ea7n Gia<\/strong><\/h3>\n\n\n\n<ul class=\"wp-block-list\">\n<li><strong>Ch\u1ea5t l\u01b0\u1ee3ng gi\u1ea3ng d\u1ea1y v\u01b0\u1ee3t tr\u1ed9i:<\/strong> \u0110\u1ed9i ng\u0169 gi\u00e1o vi\u00ean b\u1ea3n ng\u1eef v\u00e0 gi\u00e1o vi\u00ean Vi\u1ec7t Nam gi\u00e0u kinh nghi\u1ec7m, c\u00f3 b\u1eb1ng c\u1ea5p qu\u1ed1c t\u1ebf v\u00e0 \u0111\u01b0\u1ee3c tuy\u1ec3n ch\u1ecdn k\u1ef9 l\u01b0\u1ee1ng.<\/li>\n\n\n\n<li><strong>Ph\u01b0\u01a1ng ph\u00e1p gi\u1ea3ng d\u1ea1y ti\u00ean ti\u1ebfn:<\/strong> T\u00edch h\u1ee3p c\u00e1c ph\u01b0\u01a1ng ph\u00e1p hi\u1ec7n \u0111\u1ea1i, l\u1ea5y h\u1ecdc vi\u00ean l\u00e0m trung t\u00e2m, khuy\u1ebfn kh\u00edch s\u1ef1 ch\u1ee7 \u0111\u1ed9ng, s\u00e1ng t\u1ea1o v\u00e0 th\u1ef1c h\u00e0nh ng\u00f4n ng\u1eef.<\/li>\n\n\n\n<li><strong>Ch\u01b0\u01a1ng tr\u00ecnh \u0111a d\u1ea1ng:<\/strong> T\u1eeb ti\u1ebfng Anh giao ti\u1ebfp, luy\u1ec7n thi IELTS, TOEIC \u0111\u1ebfn c\u00e1c ch\u01b0\u01a1ng tr\u00ecnh d\u00e0nh ri\u00eang cho tr\u1ebb em v\u00e0 \u0111\u1ed1i t\u00e1c doanh nghi\u1ec7p.<\/li>\n\n\n\n<li><strong>C\u01a1 s\u1edf v\u1eadt ch\u1ea5t hi\u1ec7n \u0111\u1ea1i:<\/strong> Ph\u00f2ng h\u1ecdc \u0111\u01b0\u1ee3c trang b\u1ecb \u0111\u1ea7y \u0111\u1ee7, t\u1ea1o kh\u00f4ng gian h\u1ecdc t\u1eadp tho\u1ea3i m\u00e1i v\u00e0 kh\u01a1i g\u1ee3i c\u1ea3m h\u1ee9ng cho h\u1ecdc vi\u00ean.<\/li>\n<\/ul>\n\n\n\n<h3 class=\"wp-block-heading\"><strong>S\u1ee9 m\u1ec7nh v\u1edbi c\u1ed9ng \u0111\u1ed3ng<\/strong><\/h3>\n\n\n\n<p>Trung T\u00e2m Anh Ng\u1eef Tr\u1ea7n Gia kh\u00f4ng ng\u1eebng n\u1ed7 l\u1ef1c \u0111\u1ec3 mang l\u1ea1i gi\u00e1 tr\u1ecb b\u1ec1n v\u1eefng cho c\u1ed9ng \u0111\u1ed3ng th\u00f4ng qua c\u00e1c ch\u01b0\u01a1ng tr\u00ecnh \u0111\u00e0o t\u1ea1o ng\u00f4n ng\u1eef v\u00e0 k\u1ef9 n\u0103ng ph\u00f9 h\u1ee3p v\u1edbi m\u1ecdi nhu c\u1ea7u. Ch\u00fang t\u00f4i t\u1ef1 h\u00e0o l\u00e0 \u0111\u1ed1i t\u00e1c tin c\u1eady c\u1ee7a nhi\u1ec1u tr\u01b0\u1eddng h\u1ecdc v\u00e0 t\u1ed5 ch\u1ee9c t\u1ea1i th\u00e0nh ph\u1ed1 \u0110\u00e0 L\u1ea1t, \u0111\u1ed3ng th\u1eddi cam k\u1ebft n\u00e2ng cao ch\u1ea5t l\u01b0\u1ee3ng \u0111\u00e0o t\u1ea1o \u0111\u1ec3 h\u1ecdc vi\u00ean t\u1ef1 tin b\u01b0\u1edbc ra th\u1ebf gi\u1edbi.<\/p>\n","protected":false},"excerpt":{"rendered":"<p>GI\u1edaI THI\u1ec6U CHUNG V\u1ec0 TRUNG T\u00c2M ANH NG\u1eee TR\u1ea6N GIA Trung T\u00e2m Anh Ng\u1eef Tr\u1ea7n Gia \u2013 The Learning Hub \u0111\u01b0\u1ee3c th\u00e0nh l\u1eadp v\u1edbi s\u1ee9 m\u1ec7nh mang \u0111\u1ebfn m\u1ed9t m\u00f4i tr\u01b0\u1eddng h\u1ecdc ti\u1ebfng Anh hi\u1ec7n \u0111\u1ea1i v\u00e0 hi\u1ec7u qu\u1ea3, n\u01a1i h\u1ecdc vi\u00ean \u1edf m\u1ecdi \u0111\u1ed9 tu\u1ed5i c\u00f3 th\u1ec3 ph\u00e1t tri\u1ec3n to\u00e0n di\u1ec7n k\u1ef9 n\u0103ng ng\u00f4n ng\u1eef, s\u1ef1 t\u1ef1 tin v\u00e0 [&hellip;]<\/p>\n","protected":false},"author":1,"featured_media":0,"parent":0,"menu_order":0,"comment_status":"closed","ping_status":"closed","template":"","meta":{"footnotes":""},"class_list":["post-9","page","type-page","status-publish","hentry"],"yoast_head":"<!-- This site is optimized with the Yoast SEO plugin v24.4 - https:\/\/yoast.com\/wordpress\/plugins\/seo\/ -->\n<title>V\u1ec1 ch\u00fang t\u00f4i - The Learning Hub<\/title>\n<meta name=\"robots\" content=\"index, follow, max-snippet:-1, max-image-preview:large, max-video-preview:-1\" \/>\n<link rel=\"canonical\" href=\"https:\/\/thelearninghub.edu.vn\/\" \/>\n<meta property=\"og:locale\" content=\"en_US\" \/>\n<meta property=\"og:type\" content=\"article\" \/>\n<meta property=\"og:title\" content=\"V\u1ec1 ch\u00fang t\u00f4i - The Learning Hub\" \/>\n<meta property=\"og:description\" content=\"GI\u1edaI THI\u1ec6U CHUNG V\u1ec0 TRUNG T\u00c2M ANH NG\u1eee TR\u1ea6N GIA Trung T\u00e2m Anh Ng\u1eef Tr\u1ea7n Gia \u2013 The Learning Hub \u0111\u01b0\u1ee3c th\u00e0nh l\u1eadp v\u1edbi s\u1ee9 m\u1ec7nh mang \u0111\u1ebfn m\u1ed9t m\u00f4i tr\u01b0\u1eddng h\u1ecdc ti\u1ebfng Anh hi\u1ec7n \u0111\u1ea1i v\u00e0 hi\u1ec7u qu\u1ea3, n\u01a1i h\u1ecdc vi\u00ean \u1edf m\u1ecdi \u0111\u1ed9 tu\u1ed5i c\u00f3 th\u1ec3 ph\u00e1t tri\u1ec3n to\u00e0n di\u1ec7n k\u1ef9 n\u0103ng ng\u00f4n ng\u1eef, s\u1ef1 t\u1ef1 tin v\u00e0 [&hellip;]\" \/>\n<meta property=\"og:url\" content=\"https:\/\/thelearninghub.edu.vn\/\" \/>\n<meta property=\"og:site_name\" content=\"The Learning Hub\" \/>\n<meta property=\"article:modified_time\" content=\"2025-02-10T06:23:27+00:00\" \/>\n<meta name=\"twitter:card\" content=\"summary_large_image\" \/>\n<meta name=\"twitter:label1\" content=\"Est. reading time\" \/>\n\t<meta name=\"twitter:data1\" content=\"2 minutes\" \/>\n<script type=\"application\/ld+json\" class=\"yoast-schema-graph\">{\"@context\":\"https:\/\/schema.org\",\"@graph\":[{\"@type\":\"WebPage\",\"@id\":\"https:\/\/thelearninghub.edu.vn\/\",\"url\":\"https:\/\/thelearninghub.edu.vn\/\",\"name\":\"V\u1ec1 ch\u00fang t\u00f4i - The Learning Hub\",\"isPartOf\":{\"@id\":\"https:\/\/thelearninghub.edu.vn\/#website\"},\"datePublished\":\"2025-02-10T05:39:48+00:00\",\"dateModified\":\"2025-02-10T06:23:27+00:00\",\"breadcrumb\":{\"@id\":\"https:\/\/thelearninghub.edu.vn\/#breadcrumb\"},\"inLanguage\":\"en-US\",\"potentialAction\":[{\"@type\":\"ReadAction\",\"target\":[\"https:\/\/thelearninghub.edu.vn\/\"]}]},{\"@type\":\"BreadcrumbList\",\"@id\":\"https:\/\/thelearninghub.edu.vn\/#breadcrumb\",\"itemListElement\":[{\"@type\":\"ListItem\",\"position\":1,\"name\":\"Home\",\"item\":\"https:\/\/thelearninghub.edu.vn\/\"},{\"@type\":\"ListItem\",\"position\":2,\"name\":\"V\u1ec1 ch\u00fang t\u00f4i\"}]},{\"@type\":\"WebSite\",\"@id\":\"https:\/\/thelearninghub.edu.vn\/#website\",\"url\":\"https:\/\/thelearninghub.edu.vn\/\",\"name\":\"The Learning Hub\",\"description\":\"\",\"publisher\":{\"@id\":\"https:\/\/thelearninghub.edu.vn\/#organization\"},\"potentialAction\":[{\"@type\":\"SearchAction\",\"target\":{\"@type\":\"EntryPoint\",\"urlTemplate\":\"https:\/\/thelearninghub.edu.vn\/?s={search_term_string}\"},\"query-input\":{\"@type\":\"PropertyValueSpecification\",\"valueRequired\":true,\"valueName\":\"search_term_string\"}}],\"inLanguage\":\"en-US\"},{\"@type\":\"Organization\",\"@id\":\"https:\/\/thelearninghub.edu.vn\/#organization\",\"name\":\"The Learning Hub\",\"url\":\"https:\/\/thelearninghub.edu.vn\/\",\"logo\":{\"@type\":\"ImageObject\",\"inLanguage\":\"en-US\",\"@id\":\"https:\/\/thelearninghub.edu.vn\/#\/schema\/logo\/image\/\",\"url\":\"https:\/\/thelearninghub.edu.vn\/wp-content\/uploads\/2025\/02\/cropped-tlh-logo.png\",\"contentUrl\":\"https:\/\/thelearninghub.edu.vn\/wp-content\/uploads\/2025\/02\/cropped-tlh-logo.png\",\"width\":500,\"height\":300,\"caption\":\"The Learning Hub\"},\"image\":{\"@id\":\"https:\/\/thelearninghub.edu.vn\/#\/schema\/logo\/image\/\"}}]}<\/script>\n<!-- \/ Yoast SEO plugin. -->","yoast_head_json":{"title":"V\u1ec1 ch\u00fang t\u00f4i - The Learning Hub","robots":{"index":"index","follow":"follow","max-snippet":"max-snippet:-1","max-image-preview":"max-image-preview:large","max-video-preview":"max-video-preview:-1"},"canonical":"https:\/\/thelearninghub.edu.vn\/","og_locale":"en_US","og_type":"article","og_title":"V\u1ec1 ch\u00fang t\u00f4i - The Learning Hub","og_description":"GI\u1edaI THI\u1ec6U CHUNG V\u1ec0 TRUNG T\u00c2M ANH NG\u1eee TR\u1ea6N GIA Trung T\u00e2m Anh Ng\u1eef Tr\u1ea7n Gia \u2013 The Learning Hub \u0111\u01b0\u1ee3c th\u00e0nh l\u1eadp v\u1edbi s\u1ee9 m\u1ec7nh mang \u0111\u1ebfn m\u1ed9t m\u00f4i tr\u01b0\u1eddng h\u1ecdc ti\u1ebfng Anh hi\u1ec7n \u0111\u1ea1i v\u00e0 hi\u1ec7u qu\u1ea3, n\u01a1i h\u1ecdc vi\u00ean \u1edf m\u1ecdi \u0111\u1ed9 tu\u1ed5i c\u00f3 th\u1ec3 ph\u00e1t tri\u1ec3n to\u00e0n di\u1ec7n k\u1ef9 n\u0103ng ng\u00f4n ng\u1eef, s\u1ef1 t\u1ef1 tin v\u00e0 [&hellip;]","og_url":"https:\/\/thelearninghub.edu.vn\/","og_site_name":"The Learning Hub","article_modified_time":"2025-02-10T06:23:27+00:00","twitter_card":"summary_large_image","twitter_misc":{"Est. reading time":"2 minutes"},"schema":{"@context":"https:\/\/schema.org","@graph":[{"@type":"WebPage","@id":"https:\/\/thelearninghub.edu.vn\/","url":"https:\/\/thelearninghub.edu.vn\/","name":"V\u1ec1 ch\u00fang t\u00f4i - The Learning Hub","isPartOf":{"@id":"https:\/\/thelearninghub.edu.vn\/#website"},"datePublished":"2025-02-10T05:39:48+00:00","dateModified":"2025-02-10T06:23:27+00:00","breadcrumb":{"@id":"https:\/\/thelearninghub.edu.vn\/#breadcrumb"},"inLanguage":"en-US","potentialAction":[{"@type":"ReadAction","target":["https:\/\/thelearninghub.edu.vn\/"]}]},{"@type":"BreadcrumbList","@id":"https:\/\/thelearninghub.edu.vn\/#breadcrumb","itemListElement":[{"@type":"ListItem","position":1,"name":"Home","item":"https:\/\/thelearninghub.edu.vn\/"},{"@type":"ListItem","position":2,"name":"V\u1ec1 ch\u00fang t\u00f4i"}]},{"@type":"WebSite","@id":"https:\/\/thelearninghub.edu.vn\/#website","url":"https:\/\/thelearninghub.edu.vn\/","name":"The Learning Hub","description":"","publisher":{"@id":"https:\/\/thelearninghub.edu.vn\/#organization"},"potentialAction":[{"@type":"SearchAction","target":{"@type":"EntryPoint","urlTemplate":"https:\/\/thelearninghub.edu.vn\/?s={search_term_string}"},"query-input":{"@type":"PropertyValueSpecification","valueRequired":true,"valueName":"search_term_string"}}],"inLanguage":"en-US"},{"@type":"Organization","@id":"https:\/\/thelearninghub.edu.vn\/#organization","name":"The Learning Hub","url":"https:\/\/thelearninghub.edu.vn\/","logo":{"@type":"ImageObject","inLanguage":"en-US","@id":"https:\/\/thelearninghub.edu.vn\/#\/schema\/logo\/image\/","url":"https:\/\/thelearninghub.edu.vn\/wp-content\/uploads\/2025\/02\/cropped-tlh-logo.png","contentUrl":"https:\/\/thelearninghub.edu.vn\/wp-content\/uploads\/2025\/02\/cropped-tlh-logo.png","width":500,"height":300,"caption":"The Learning Hub"},"image":{"@id":"https:\/\/thelearninghub.edu.vn\/#\/schema\/logo\/image\/"}}]}},"_links":{"self":[{"href":"https:\/\/thelearninghub.edu.vn\/index.php\/wp-json\/wp\/v2\/pages\/9","targetHints":{"allow":["GET"]}}],"collection":[{"href":"https:\/\/thelearninghub.edu.vn\/index.php\/wp-json\/wp\/v2\/pages"}],"about":[{"href":"https:\/\/thelearninghub.edu.vn\/index.php\/wp-json\/wp\/v2\/types\/page"}],"author":[{"embeddable":true,"href":"https:\/\/thelearninghub.edu.vn\/index.php\/wp-json\/wp\/v2\/users\/1"}],"replies":[{"embeddable":true,"href":"https:\/\/thelearninghub.edu.vn\/index.php\/wp-json\/wp\/v2\/comments?post=9"}],"version-history":[{"count":3,"href":"https:\/\/thelearninghub.edu.vn\/index.php\/wp-json\/wp\/v2\/pages\/9\/revisions"}],"predecessor-version":[{"id":32,"href":"https:\/\/thelearninghub.edu.vn\/index.php\/wp-json\/wp\/v2\/pages\/9\/revisions\/32"}],"wp:attachment":[{"href":"https:\/\/thelearninghub.edu.vn\/index.php\/wp-json\/wp\/v2\/media?parent=9"}],"curies":[{"name":"wp","href":"https:\/\/api.w.org\/{rel}","templated":true}]}}